{"id":1661,"date":"2023-09-29T12:26:32","date_gmt":"2023-09-29T12:26:32","guid":{"rendered":"http:\/\/pivot-point.pl\/?page_id=1661"},"modified":"2023-11-08T10:32:59","modified_gmt":"2023-11-08T10:32:59","slug":"zaawansowane","status":"publish","type":"page","link":"https:\/\/pivot-point.pl\/index.php\/szkolenia\/zaawansowane\/","title":{"rendered":"Zaawansowane"},"content":{"rendered":"<p>[et_pb_section fb_built=&#8221;1&#8243; _builder_version=&#8221;4.22.2&#8243; _module_preset=&#8221;default&#8221; background_enable_image=&#8221;off&#8221; custom_padding=&#8221;0px||0px|||&#8221; global_colors_info=&#8221;{}&#8221;][et_pb_row _builder_version=&#8221;4.22.2&#8243; _module_preset=&#8221;default&#8221; width=&#8221;100%&#8221; max_width=&#8221;2560px&#8221; custom_margin=&#8221;0px||0px||false|false&#8221; custom_padding=&#8221;0px||0px||false|false&#8221; global_colors_info=&#8221;{}&#8221;][et_pb_column type=&#8221;4_4&#8243; _builder_version=&#8221;4.22.2&#8243; _module_preset=&#8221;default&#8221; global_colors_info=&#8221;{}&#8221;][et_pb_code _builder_version=&#8221;4.22.2&#8243; _module_preset=&#8221;default&#8221; positioning=&#8221;absolute&#8221; width=&#8221;100%&#8221; global_colors_info=&#8221;{}&#8221;]<script><!-- [et_pb_line_break_holder] -->$( document ).ready(function() {<!-- [et_pb_line_break_holder] -->    console.log( \"ready!\" );<!-- [et_pb_line_break_holder] -->$('#plus_szkolenia').html('<a href=\"#tab3\"class=\"plus et-pb-icon minus\">K<\/a>'); <!-- [et_pb_line_break_holder] -->$('#plus_szkolenia').addClass(\"minus\");<!-- [et_pb_line_break_holder] -->});<!-- [et_pb_line_break_holder] --><\/script>[\/et_pb_code][et_pb_slider _builder_version=&#8221;4.22.2&#8243; _module_preset=&#8221;default&#8221; min_height=&#8221;85vh&#8221; custom_margin=&#8221;0px||||false|false&#8221; custom_padding=&#8221;||0px||false|false&#8221; global_colors_info=&#8221;{}&#8221;][et_pb_slide heading=&#8221;ZAAWANSOWANE &#8211; CUT&#038;COLOR&#8221; admin_title=&#8221;ZAPRASZAMY&#8221; _builder_version=&#8221;4.22.2&#8243; _module_preset=&#8221;default&#8221; header_level=&#8221;h2&#8243; header_font=&#8221;Open Sans|800|||||||&#8221; header_text_align=&#8221;left&#8221; header_line_height=&#8221;2em&#8221; body_font=&#8221;Open Sans|300|||||||&#8221; body_text_align=&#8221;left&#8221; body_font_size=&#8221;24px&#8221; body_line_height=&#8221;1.5em&#8221; background_enable_color=&#8221;off&#8221; use_background_color_gradient=&#8221;on&#8221; background_color_gradient_stops=&#8221;rgba(43,135,218,0) 62%|rgba(0,0,0,0.64) 100%&#8221; background_image=&#8221;https:\/\/pivot-point.pl\/wp-content\/uploads\/2023\/10\/zaawansowane_header-min.png&#8221; background_enable_image=&#8221;on&#8221; background_blend=&#8221;overlay&#8221; custom_padding=&#8221;||0px||false|false&#8221; custom_css_slide_description=&#8221;padding-bottom:0px;||padding-left:0px;||position:absolute;||bottom:15%;||left:2%;||||&#8221; global_colors_info=&#8221;{}&#8221; sticky_transition=&#8221;on&#8221;]<\/p>\n<p>kolejna ods\u0142ona wsparcia dla fryzjer\u00f3w w budowaniu silnej bazy klient\u00f3w. Zrozumienie i umiej\u0119tno\u015b\u0107 wykorzystania wybranej kompozycji prowadzi zawsze do udanych relacji stylisty i klienta.<\/p>\n<p>[\/et_pb_slide][\/et_pb_slider][\/et_pb_column][\/et_pb_row][\/et_pb_section][et_pb_section fb_built=&#8221;1&#8243; _builder_version=&#8221;4.22.2&#8243; _module_preset=&#8221;default&#8221; global_colors_info=&#8221;{}&#8221;][et_pb_row _builder_version=&#8221;4.22.2&#8243; _module_preset=&#8221;default&#8221; max_width=&#8221;2560px&#8221; global_colors_info=&#8221;{}&#8221;][et_pb_column type=&#8221;4_4&#8243; _builder_version=&#8221;4.22.2&#8243; _module_preset=&#8221;default&#8221; global_colors_info=&#8221;{}&#8221;][et_pb_text _builder_version=&#8221;4.22.2&#8243; _module_preset=&#8221;default&#8221; text_font=&#8221;Open Sans|300|||||||&#8221; text_font_size=&#8221;24px&#8221; text_line_height=&#8221;1.4em&#8221; global_colors_info=&#8221;{}&#8221;]Wyj\u0105tkowy program szkoleniowy dla fryzjer\u00f3w pracuj\u0105cych w salonie i szukaj\u0105cych najlepszych rozwi\u0105za\u0144 na ka\u017cdy dzie\u0144 pracy.<\/p>\n<p>Szkolenie na podstawie <B> Salonability Cut &#038; Color <\/B> \u015bwiadomie  kieruje fryzjer\u00f3w  do odpowiednich wybor\u00f3w, aby wzmocni\u0107  zdolno\u015b\u0107 kreowania i projektowania fryzur w salonie. Jakie wybra\u0107 techniki strzy\u017cenia, koloryzacji i stylizacji dopasowane indywidualnie do klienta, wyja\u015bni\u0107 klientowi dlaczego w\u0142a\u015bnie ten wyb\u00f3r oka\u017ce si\u0119 sukcesem.  Potem ju\u017c tylko zostaje technika wykonania, gdzie umiej\u0119tno\u015bci praktyczne staj\u0105 na pierwszym miejscu.[\/et_pb_text][\/et_pb_column][\/et_pb_row][\/et_pb_section][et_pb_section fb_built=&#8221;1&#8243; _builder_version=&#8221;4.22.2&#8243; _module_preset=&#8221;default&#8221; custom_padding=&#8221;0px||0px|||&#8221; global_colors_info=&#8221;{}&#8221;][et_pb_row column_structure=&#8221;1_2,1_2&#8243; use_custom_gutter=&#8221;on&#8221; gutter_width=&#8221;1&#8243; make_equal=&#8221;on&#8221; _builder_version=&#8221;4.22.2&#8243; _module_preset=&#8221;default&#8221; width=&#8221;100%&#8221; max_width=&#8221;2560px&#8221; min_height=&#8221;90vh&#8221; height=&#8221;90vh&#8221; max_height=&#8221;90vh&#8221; custom_padding=&#8221;0px||0px|||&#8221; global_colors_info=&#8221;{}&#8221;][et_pb_column type=&#8221;1_2&#8243; _builder_version=&#8221;4.22.2&#8243; _module_preset=&#8221;default&#8221; use_background_color_gradient=&#8221;on&#8221; background_color_gradient_stops=&#8221;#ffffff 53%|rgba(0,0,0,0.6) 100%&#8221; background_image=&#8221;https:\/\/pivot-point.pl\/wp-content\/uploads\/2023\/10\/214_08_IMF_EN_002-web-min.png&#8221; background_position=&#8221;top_center&#8221; background_blend=&#8221;multiply&#8221; custom_padding=&#8221;||||false|false&#8221; global_colors_info=&#8221;{}&#8221; background__hover_enabled=&#8221;on|hover&#8221; background_color_gradient_stops__hover=&#8221;#ffffff 14%|rgba(0,0,0,0.75) 99%&#8221; use_background_color_gradient__hover=&#8221;on&#8221;][et_pb_cta title=&#8221;CUT &#038; COLOR &#8221; button_url=&#8221;https:\/\/pivot-point.pl\/wp-content\/uploads\/2023\/11\/Katalog-pl_compressed.pdf#page=8&#8243; button_text=&#8221;CENNIK&#8221; module_class=&#8221;cta_szkolenia&#8221; _builder_version=&#8221;4.23.1&#8243; _module_preset=&#8221;default&#8221; header_font=&#8221;Open Sans|800|||||||&#8221; header_font_size=&#8221;32px&#8221; background_enable_color=&#8221;off&#8221; custom_button=&#8221;on&#8221; button_text_size=&#8221;24px&#8221; button_text_color=&#8221;#FFFFFF&#8221; button_bg_color=&#8221;#bbd579&#8243; button_border_width=&#8221;0px&#8221; button_border_radius=&#8221;0px&#8221; button_font=&#8221;Open Sans|800|||||||&#8221; button_use_icon=&#8221;off&#8221; text_orientation=&#8221;left&#8221; min_height=&#8221;100%&#8221; custom_margin=&#8221;0px|0px|0px|0px|false|false&#8221; custom_padding=&#8221;70%|20%|||false|false&#8221; hover_enabled=&#8221;0&#8243; custom_css_main_element=&#8221;cursor:pointer;&#8221; global_colors_info=&#8221;{}&#8221; custom_padding__hover_enabled=&#8221;on|hover&#8221; content__hover_enabled=&#8221;on|hover&#8221; custom_css_promo_button__hover_enabled=&#8221;on|hover&#8221; background__hover_enabled=&#8221;on|desktop&#8221; custom_padding__hover=&#8221;58%|20%|||false|false&#8221; content__hover=&#8221;Wyj\u0105tkowy program szkoleniowy dla salonu: strzy\u017cenia, koloryzacja, stylizacja.&#8221; sticky_enabled=&#8221;0&#8243;][\/et_pb_cta][\/et_pb_column][et_pb_column type=&#8221;1_2&#8243; _builder_version=&#8221;4.22.2&#8243; _module_preset=&#8221;default&#8221; background_color=&#8221;rgba(0,0,0,0.6)&#8221; background_image=&#8221;https:\/\/pivot-point.pl\/wp-content\/uploads\/2023\/10\/pol_il_Ksiazka-Pivot-Point-Salonability-Cut-Color-Style-116.jpg&#8221; background_blend=&#8221;multiply&#8221; custom_padding=&#8221;||||false|false&#8221; global_colors_info=&#8221;{}&#8221; background__hover_enabled=&#8221;on|hover&#8221; use_background_color_gradient__hover=&#8221;off&#8221;][et_pb_cta title=&#8221;KSI\u0104\u017bKI EDUKACYJNE&#8221; button_url=&#8221;https:\/\/pivot-point.pl\/index.php\/szkolenia\/salon\/&#8221; button_text=&#8221;SKLEP&#8221; _builder_version=&#8221;4.22.2&#8243; _module_preset=&#8221;default&#8221; header_font=&#8221;Open Sans|800|||||||&#8221; header_font_size=&#8221;32px&#8221; background_enable_color=&#8221;off&#8221; custom_button=&#8221;on&#8221; button_text_size=&#8221;24px&#8221; button_text_color=&#8221;#FFFFFF&#8221; button_bg_color=&#8221;#bbd579&#8243; button_border_width=&#8221;0px&#8221; button_border_radius=&#8221;0px&#8221; button_font=&#8221;Open Sans|800|||||||&#8221; button_use_icon=&#8221;off&#8221; min_height=&#8221;100%&#8221; custom_margin=&#8221;0px|0px|0px|0px|false|false&#8221; custom_padding=&#8221;35%|20%|35%|20%|true|true&#8221; global_colors_info=&#8221;{}&#8221; custom_padding__hover_enabled=&#8221;off|hover&#8221; content__hover_enabled=&#8221;off|desktop&#8221; custom_css_promo_button__hover_enabled=&#8221;on|hover&#8221; background__hover_enabled=&#8221;on|desktop&#8221;]<\/p>\n<p>Sprawd\u017a r\u00f3wnie\u017c ksi\u0105\u017cki z serii Salon Ability dost\u0119pne w naszym sklepie<\/p>\n<p>[\/et_pb_cta][\/et_pb_column][\/et_pb_row][\/et_pb_section]<\/p>\n","protected":false},"excerpt":{"rendered":"<p>kolejna ods\u0142ona wsparcia dla fryzjer\u00f3w w budowaniu silnej bazy klient\u00f3w. Zrozumienie i umiej\u0119tno\u015b\u0107 wykorzystania wybranej kompozycji prowadzi zawsze do udanych relacji stylisty i klienta.Wyj\u0105tkowy program szkoleniowy dla fryzjer\u00f3w pracuj\u0105cych w salonie i szukaj\u0105cych najlepszych rozwi\u0105za\u0144 na ka\u017cdy dzie\u0144 pracy. Szkolenie na podstawie Salonability Cut &#038; Color \u015bwiadomie kieruje fryzjer\u00f3w do odpowiednich wybor\u00f3w, aby wzmocni\u0107 zdolno\u015b\u0107 [&hellip;]<\/p>\n","protected":false},"author":1,"featured_media":0,"parent":1543,"menu_order":0,"comment_status":"closed","ping_status":"closed","template":"","meta":{"_et_pb_use_builder":"on","_et_pb_old_content":"","_et_gb_content_width":"","footnotes":""},"class_list":["post-1661","page","type-page","status-publish","hentry"],"_links":{"self":[{"href":"https:\/\/pivot-point.pl\/index.php\/wp-json\/wp\/v2\/pages\/1661","targetHints":{"allow":["GET"]}}],"collection":[{"href":"https:\/\/pivot-point.pl\/index.php\/wp-json\/wp\/v2\/pages"}],"about":[{"href":"https:\/\/pivot-point.pl\/index.php\/wp-json\/wp\/v2\/types\/page"}],"author":[{"embeddable":true,"href":"https:\/\/pivot-point.pl\/index.php\/wp-json\/wp\/v2\/users\/1"}],"replies":[{"embeddable":true,"href":"https:\/\/pivot-point.pl\/index.php\/wp-json\/wp\/v2\/comments?post=1661"}],"version-history":[{"count":10,"href":"https:\/\/pivot-point.pl\/index.php\/wp-json\/wp\/v2\/pages\/1661\/revisions"}],"predecessor-version":[{"id":2374,"href":"https:\/\/pivot-point.pl\/index.php\/wp-json\/wp\/v2\/pages\/1661\/revisions\/2374"}],"up":[{"embeddable":true,"href":"https:\/\/pivot-point.pl\/index.php\/wp-json\/wp\/v2\/pages\/1543"}],"wp:attachment":[{"href":"https:\/\/pivot-point.pl\/index.php\/wp-json\/wp\/v2\/media?parent=1661"}],"curies":[{"name":"wp","href":"https:\/\/api.w.org\/{rel}","templated":true}]}}