{"id":1665,"date":"2023-09-29T12:29:36","date_gmt":"2023-09-29T12:29:36","guid":{"rendered":"http:\/\/pivot-point.pl\/?page_id=1665"},"modified":"2023-11-07T11:37:05","modified_gmt":"2023-11-07T11:37:05","slug":"trendy","status":"publish","type":"page","link":"https:\/\/pivot-point.pl\/index.php\/szkolenia\/trendy\/","title":{"rendered":"Trendy"},"content":{"rendered":"<p>[et_pb_section fb_built=&#8221;1&#8243; _builder_version=&#8221;4.22.2&#8243; _module_preset=&#8221;default&#8221; background_enable_image=&#8221;off&#8221; custom_padding=&#8221;0px||0px|||&#8221; global_colors_info=&#8221;{}&#8221;][et_pb_row _builder_version=&#8221;4.22.2&#8243; _module_preset=&#8221;default&#8221; width=&#8221;100%&#8221; max_width=&#8221;2560px&#8221; custom_margin=&#8221;0px||0px||false|false&#8221; custom_padding=&#8221;0px||0px||false|false&#8221; global_colors_info=&#8221;{}&#8221;][et_pb_column type=&#8221;4_4&#8243; _builder_version=&#8221;4.22.2&#8243; _module_preset=&#8221;default&#8221; global_colors_info=&#8221;{}&#8221;][et_pb_code _builder_version=&#8221;4.22.2&#8243; _module_preset=&#8221;default&#8221; positioning=&#8221;absolute&#8221; width=&#8221;100%&#8221; global_colors_info=&#8221;{}&#8221;]<script><!-- [et_pb_line_break_holder] -->$( document ).ready(function() {<!-- [et_pb_line_break_holder] -->    console.log( \"ready!\" );<!-- [et_pb_line_break_holder] -->$('#plus_szkolenia').html('<a href=\"#tab3\"class=\"plus et-pb-icon minus\">K<\/a>'); <!-- [et_pb_line_break_holder] -->$('#plus_szkolenia').addClass(\"minus\");<!-- [et_pb_line_break_holder] -->});<!-- [et_pb_line_break_holder] --><\/script>[\/et_pb_code][et_pb_slider _builder_version=&#8221;4.22.2&#8243; _module_preset=&#8221;default&#8221; min_height=&#8221;85vh&#8221; custom_margin=&#8221;0px||||false|false&#8221; custom_padding=&#8221;||0px||false|false&#8221; global_colors_info=&#8221;{}&#8221;][et_pb_slide heading=&#8221;Trendy&#8221; admin_title=&#8221;ZAPRASZAMY&#8221; _builder_version=&#8221;4.22.2&#8243; _module_preset=&#8221;default&#8221; header_level=&#8221;h2&#8243; header_font=&#8221;Open Sans|800|||||||&#8221; header_text_align=&#8221;left&#8221; header_line_height=&#8221;2em&#8221; body_font=&#8221;Open Sans|300|||||||&#8221; body_text_align=&#8221;left&#8221; body_font_size=&#8221;24px&#8221; body_line_height=&#8221;1.5em&#8221; background_enable_color=&#8221;off&#8221; use_background_color_gradient=&#8221;on&#8221; background_color_gradient_stops=&#8221;rgba(43,135,218,0) 35%|rgba(0,0,0,0.47) 100%&#8221; background_image=&#8221;http:\/\/pivot-point.pl\/wp-content\/uploads\/2023\/10\/Trendy_header.png&#8221; background_enable_image=&#8221;on&#8221; background_blend=&#8221;overlay&#8221; custom_padding=&#8221;||0px||false|false&#8221; custom_css_slide_description=&#8221;padding-bottom:0px;||padding-left:0px;||position:absolute;||bottom:15%;||left:2%;||||&#8221; global_colors_info=&#8221;{}&#8221; sticky_transition=&#8221;on&#8221;]<\/p>\n<p>Kolekcje trend\u00f3w przygotowywane przez mi\u0119dzynarodowy team stylist\u00f3w Pivot Point to sta\u0142a inspiracja dla stylist\u00f3w. Ka\u017cda kolekcja nawi\u0105zuje do trend\u00f3w \u015bwiatowych, dzi\u0119ki czemu mo\u017cesz wprowadzi\u0107 do swojego salonu nowe propozycje. Zwykle s\u0105 to pomys\u0142y pochodz\u0105ce z r\u00f3\u017cnych \u017ar\u00f3de\u0142, kt\u00f3re po zaprojektowaniu tworz\u0105 now\u0105 i \u015bwie\u017c\u0105 ekspresj\u0119.<\/p>\n<p>[\/et_pb_slide][\/et_pb_slider][\/et_pb_column][\/et_pb_row][\/et_pb_section][et_pb_section fb_built=&#8221;1&#8243; _builder_version=&#8221;4.22.2&#8243; _module_preset=&#8221;default&#8221; custom_padding=&#8221;0px||0px|||&#8221; global_colors_info=&#8221;{}&#8221;][et_pb_row column_structure=&#8221;1_2,1_2&#8243; use_custom_gutter=&#8221;on&#8221; gutter_width=&#8221;1&#8243; make_equal=&#8221;on&#8221; _builder_version=&#8221;4.22.2&#8243; _module_preset=&#8221;default&#8221; width=&#8221;100%&#8221; max_width=&#8221;2560px&#8221; min_height=&#8221;90vh&#8221; height=&#8221;90vh&#8221; max_height=&#8221;90vh&#8221; custom_padding=&#8221;0px||0px|||&#8221; global_colors_info=&#8221;{}&#8221;][et_pb_column type=&#8221;1_2&#8243; _builder_version=&#8221;4.22.2&#8243; _module_preset=&#8221;default&#8221; use_background_color_gradient=&#8221;on&#8221; background_color_gradient_stops=&#8221;#ffffff 53%|rgba(0,0,0,0.6) 100%&#8221; background_image=&#8221;http:\/\/pivot-point.pl\/wp-content\/uploads\/2023\/10\/Trendy_damskie-min.jpg&#8221; background_position=&#8221;top_center&#8221; background_blend=&#8221;multiply&#8221; custom_padding=&#8221;||||false|false&#8221; global_colors_info=&#8221;{}&#8221; background__hover_enabled=&#8221;on|hover&#8221; background_color_gradient_stops__hover=&#8221;#ffffff 14%|rgba(0,0,0,0.75) 99%&#8221; use_background_color_gradient__hover=&#8221;on&#8221;][et_pb_cta title=&#8221;Reveal &#8211; Strzy\u017cenie Damskie&#8221; button_url=&#8221;http:\/\/pivot-point.pl\/wp-content\/uploads\/2023\/11\/Katalog-pl_compressed.pdf#page=9&#8243; url_new_window=&#8221;on&#8221; button_text=&#8221;CENNIK&#8221; module_class=&#8221;cta_szkolenia&#8221; _builder_version=&#8221;4.22.2&#8243; _module_preset=&#8221;default&#8221; header_font=&#8221;Open Sans|800|||||||&#8221; header_font_size=&#8221;32px&#8221; background_enable_color=&#8221;off&#8221; custom_button=&#8221;on&#8221; button_text_size=&#8221;24px&#8221; button_text_color=&#8221;#FFFFFF&#8221; button_bg_color=&#8221;#c84883&#8243; button_border_width=&#8221;0px&#8221; button_border_radius=&#8221;0px&#8221; button_font=&#8221;Open Sans|800|||||||&#8221; button_use_icon=&#8221;off&#8221; text_orientation=&#8221;left&#8221; min_height=&#8221;100%&#8221; custom_margin=&#8221;0px|0px|0px|0px|false|false&#8221; custom_padding=&#8221;70%||||false|false&#8221; hover_enabled=&#8221;0&#8243; custom_css_main_element=&#8221;cursor:pointer;&#8221; global_colors_info=&#8221;{}&#8221; custom_padding__hover_enabled=&#8221;on|hover&#8221; custom_padding__hover=&#8221;50%||||false|false&#8221; content__hover_enabled=&#8221;on|hover&#8221; content__hover=&#8221;<\/p>\n<p>Najnowsze kolekcje fryzur przygotowywane przez mi\u0119dzynarodowy team stylist\u00f3w, zaawansowane strzy\u017cenia z propozycj\u0105 koloryzacji.<\/p>\n<p>&#8221; custom_css_promo_button__hover_enabled=&#8221;on|hover&#8221; background__hover_enabled=&#8221;on|desktop&#8221; sticky_enabled=&#8221;0&#8243;][\/et_pb_cta][\/et_pb_column][et_pb_column type=&#8221;1_2&#8243; _builder_version=&#8221;4.22.2&#8243; _module_preset=&#8221;default&#8221; use_background_color_gradient=&#8221;on&#8221; background_color_gradient_stops=&#8221;#ffffff 53%|rgba(0,0,0,0.6) 100%&#8221; background_image=&#8221;http:\/\/pivot-point.pl\/wp-content\/uploads\/2023\/10\/MsB9ZYJA.jpeg&#8221; background_position=&#8221;top_center&#8221; background_blend=&#8221;multiply&#8221; custom_padding=&#8221;||||false|false&#8221; global_colors_info=&#8221;{}&#8221; background__hover_enabled=&#8221;on|hover&#8221; background_color_gradient_stops__hover=&#8221;#ffffff 14%|rgba(0,0,0,0.75) 99%&#8221; use_background_color_gradient__hover=&#8221;on&#8221;][et_pb_cta title=&#8221;Recycle &#8211; Strzy\u017cenie M\u0119skie&#8221; button_url=&#8221;http:\/\/pivot-point.pl\/wp-content\/uploads\/2023\/11\/Katalog-pl_compressed.pdf#page=10&#8243; url_new_window=&#8221;on&#8221; button_text=&#8221;WI\u0118CEJ&#8221; module_class=&#8221;cta_szkolenia&#8221; _builder_version=&#8221;4.22.2&#8243; _module_preset=&#8221;default&#8221; header_font=&#8221;Open Sans|800|||||||&#8221; header_font_size=&#8221;32px&#8221; background_enable_color=&#8221;off&#8221; custom_button=&#8221;on&#8221; button_text_size=&#8221;24px&#8221; button_text_color=&#8221;#FFFFFF&#8221; button_bg_color=&#8221;#c84883&#8243; button_border_width=&#8221;0px&#8221; button_border_radius=&#8221;0px&#8221; button_font=&#8221;Open Sans|800|||||||&#8221; button_use_icon=&#8221;off&#8221; text_orientation=&#8221;left&#8221; min_height=&#8221;100%&#8221; custom_margin=&#8221;0px|0px|0px|0px|false|false&#8221; custom_padding=&#8221;70%||||false|false&#8221; hover_enabled=&#8221;0&#8243; custom_css_main_element=&#8221;cursor:pointer;&#8221; global_colors_info=&#8221;{}&#8221; custom_padding__hover_enabled=&#8221;on|hover&#8221; custom_padding__hover=&#8221;50%||||false|false&#8221; content__hover_enabled=&#8221;on|hover&#8221; content__hover=&#8221;<\/p>\n<p>Najnowsze kolekcje fryzur przygotowywane przez mi\u0119dzynarodowy team stylist\u00f3w, zaawansowane strzy\u017cenia z propozycj\u0105 koloryzacji.<\/p>\n<p>&#8221; custom_css_promo_button__hover_enabled=&#8221;on|hover&#8221; background__hover_enabled=&#8221;on|desktop&#8221; sticky_enabled=&#8221;0&#8243;][\/et_pb_cta][\/et_pb_column][\/et_pb_row][\/et_pb_section][et_pb_section fb_built=&#8221;1&#8243; _builder_version=&#8221;4.22.2&#8243; _module_preset=&#8221;default&#8221; custom_padding=&#8221;0px||0px|||&#8221; global_colors_info=&#8221;{}&#8221;][et_pb_row column_structure=&#8221;1_2,1_2&#8243; use_custom_gutter=&#8221;on&#8221; gutter_width=&#8221;1&#8243; make_equal=&#8221;on&#8221; _builder_version=&#8221;4.22.2&#8243; _module_preset=&#8221;default&#8221; width=&#8221;100%&#8221; max_width=&#8221;2560px&#8221; min_height=&#8221;90vh&#8221; height=&#8221;90vh&#8221; max_height=&#8221;90vh&#8221; custom_padding=&#8221;0px||0px|||&#8221; global_colors_info=&#8221;{}&#8221;][et_pb_column type=&#8221;1_2&#8243; _builder_version=&#8221;4.22.2&#8243; _module_preset=&#8221;default&#8221; use_background_color_gradient=&#8221;on&#8221; background_color_gradient_stops=&#8221;#ffffff 53%|rgba(0,0,0,0.6) 100%&#8221; background_image=&#8221;http:\/\/pivot-point.pl\/wp-content\/uploads\/2023\/10\/MON2596\u041c.1.jpg&#8221; background_position=&#8221;top_center&#8221; background_blend=&#8221;multiply&#8221; custom_padding=&#8221;||||false|false&#8221; global_colors_info=&#8221;{}&#8221; background__hover_enabled=&#8221;on|hover&#8221; background_color_gradient_stops__hover=&#8221;#ffffff 14%|rgba(0,0,0,0.75) 99%&#8221; use_background_color_gradient__hover=&#8221;on&#8221;][et_pb_cta title=&#8221;Fluidity &#8211; Stylizacja D\u0142ugich W\u0142os\u00f3w&#8221; button_url=&#8221;http:\/\/pivot-point.pl\/wp-content\/uploads\/2023\/11\/Katalog-pl_compressed.pdf#page=11&#8243; url_new_window=&#8221;on&#8221; button_text=&#8221;WI\u0118CEJ&#8221; module_class=&#8221;cta_szkolenia&#8221; _builder_version=&#8221;4.22.2&#8243; _module_preset=&#8221;default&#8221; header_font=&#8221;Open Sans|800|||||||&#8221; header_font_size=&#8221;32px&#8221; background_enable_color=&#8221;off&#8221; custom_button=&#8221;on&#8221; button_text_size=&#8221;24px&#8221; button_text_color=&#8221;#FFFFFF&#8221; button_bg_color=&#8221;#c84883&#8243; button_border_width=&#8221;0px&#8221; button_border_radius=&#8221;0px&#8221; button_font=&#8221;Open Sans|800|||||||&#8221; button_use_icon=&#8221;off&#8221; text_orientation=&#8221;left&#8221; min_height=&#8221;100%&#8221; custom_margin=&#8221;0px|0px|0px|0px|false|false&#8221; custom_padding=&#8221;70%|20%|||false|false&#8221; hover_enabled=&#8221;0&#8243; custom_css_main_element=&#8221;cursor:pointer;&#8221; global_colors_info=&#8221;{}&#8221; custom_padding__hover_enabled=&#8221;on|hover&#8221; custom_padding__hover=&#8221;50%||||false|false&#8221; content__hover_enabled=&#8221;on|hover&#8221; content__hover=&#8221;<\/p>\n<p>Najnowsze kolekcje fryzur przygotowywane przez mi\u0119dzynarodowy zesp\u00f3\u0142 stylist\u00f3w.<\/p>\n<p>&#8221; custom_css_promo_button__hover_enabled=&#8221;on|hover&#8221; background__hover_enabled=&#8221;on|desktop&#8221; sticky_enabled=&#8221;0&#8243;][\/et_pb_cta][\/et_pb_column][et_pb_column type=&#8221;1_2&#8243; _builder_version=&#8221;4.22.2&#8243; _module_preset=&#8221;default&#8221; background_color=&#8221;rgba(0,0,0,0.6)&#8221; background_image=&#8221;http:\/\/pivot-point.pl\/wp-content\/uploads\/2023\/10\/pol_il_Ksiazka-Pivot-Point-Salonability-Cut-Color-Style-116.jpg&#8221; background_blend=&#8221;multiply&#8221; custom_padding=&#8221;||||false|false&#8221; global_colors_info=&#8221;{}&#8221; background__hover_enabled=&#8221;on|hover&#8221; use_background_color_gradient__hover=&#8221;off&#8221;][et_pb_cta title=&#8221;KSI\u0104\u017bKI EDUKACYJNE&#8221; button_url=&#8221;https:\/\/www.pivotpoint24.pl\/pl\/menu\/ksiazki-173.html&#8221; button_text=&#8221;SKLEP&#8221; _builder_version=&#8221;4.22.2&#8243; _module_preset=&#8221;default&#8221; header_font=&#8221;Open Sans|800|||||||&#8221; header_font_size=&#8221;32px&#8221; background_enable_color=&#8221;off&#8221; custom_button=&#8221;on&#8221; button_text_size=&#8221;24px&#8221; button_text_color=&#8221;#FFFFFF&#8221; button_bg_color=&#8221;#c84883&#8243; button_border_width=&#8221;0px&#8221; button_border_radius=&#8221;0px&#8221; button_font=&#8221;Open Sans|800|||||||&#8221; button_use_icon=&#8221;off&#8221; min_height=&#8221;100%&#8221; custom_margin=&#8221;0px|0px|0px|0px|false|false&#8221; custom_padding=&#8221;30%|20%|30%|20%|false|true&#8221; custom_css_main_element=&#8221;cursor:pointer;&#8221; global_colors_info=&#8221;{}&#8221; custom_padding__hover_enabled=&#8221;off|hover&#8221; content__hover_enabled=&#8221;off|desktop&#8221; custom_css_promo_button__hover_enabled=&#8221;on|hover&#8221; background__hover_enabled=&#8221;on|desktop&#8221;]<\/p>\n<p>Do ka\u017cdego z wymienionych szkole\u0144 istnieje mo\u017cliwo\u015b\u0107 zakupu ksi\u0105\u017cki, co otwiera dodatkow\u0105 perspektyw\u0119 pog\u0142\u0119bienia wiedzy dla zainteresowanych uczestnik\u00f3w, niezale\u017cnie od ich uczestnictwie w szkoleniach.<\/p>\n<p>[\/et_pb_cta][\/et_pb_column][\/et_pb_row][\/et_pb_section]<\/p>\n","protected":false},"excerpt":{"rendered":"<p>Kolekcje trend\u00f3w przygotowywane przez mi\u0119dzynarodowy team stylist\u00f3w Pivot Point to sta\u0142a inspiracja dla stylist\u00f3w. Ka\u017cda kolekcja nawi\u0105zuje do trend\u00f3w \u015bwiatowych, dzi\u0119ki czemu mo\u017cesz wprowadzi\u0107 do swojego salonu nowe propozycje. Zwykle s\u0105 to pomys\u0142y pochodz\u0105ce z r\u00f3\u017cnych \u017ar\u00f3de\u0142, kt\u00f3re po zaprojektowaniu tworz\u0105 now\u0105 i \u015bwie\u017c\u0105 ekspresj\u0119.Do ka\u017cdego z wymienionych szkole\u0144 istnieje mo\u017cliwo\u015b\u0107 zakupu ksi\u0105\u017cki, co otwiera [&hellip;]<\/p>\n","protected":false},"author":1,"featured_media":0,"parent":1543,"menu_order":0,"comment_status":"closed","ping_status":"closed","template":"","meta":{"_et_pb_use_builder":"on","_et_pb_old_content":"","_et_gb_content_width":"","footnotes":""},"class_list":["post-1665","page","type-page","status-publish","hentry"],"_links":{"self":[{"href":"https:\/\/pivot-point.pl\/index.php\/wp-json\/wp\/v2\/pages\/1665","targetHints":{"allow":["GET"]}}],"collection":[{"href":"https:\/\/pivot-point.pl\/index.php\/wp-json\/wp\/v2\/pages"}],"about":[{"href":"https:\/\/pivot-point.pl\/index.php\/wp-json\/wp\/v2\/types\/page"}],"author":[{"embeddable":true,"href":"https:\/\/pivot-point.pl\/index.php\/wp-json\/wp\/v2\/users\/1"}],"replies":[{"embeddable":true,"href":"https:\/\/pivot-point.pl\/index.php\/wp-json\/wp\/v2\/comments?post=1665"}],"version-history":[{"count":23,"href":"https:\/\/pivot-point.pl\/index.php\/wp-json\/wp\/v2\/pages\/1665\/revisions"}],"predecessor-version":[{"id":2368,"href":"https:\/\/pivot-point.pl\/index.php\/wp-json\/wp\/v2\/pages\/1665\/revisions\/2368"}],"up":[{"embeddable":true,"href":"https:\/\/pivot-point.pl\/index.php\/wp-json\/wp\/v2\/pages\/1543"}],"wp:attachment":[{"href":"https:\/\/pivot-point.pl\/index.php\/wp-json\/wp\/v2\/media?parent=1665"}],"curies":[{"name":"wp","href":"https:\/\/api.w.org\/{rel}","templated":true}]}}